{"id":3991,"date":"2017-09-15T14:46:29","date_gmt":"2017-09-15T14:46:29","guid":{"rendered":"http:\/\/www.compacthabit.com\/?page_id=3991\/"},"modified":"2024-11-18T09:56:53","modified_gmt":"2024-11-18T09:56:53","slug":"proyectos","status":"publish","type":"page","link":"https:\/\/www.compacthabit.com\/es\/proyectos\/","title":{"rendered":"Proyectos"},"content":{"rendered":"","protected":false},"excerpt":{"rendered":"","protected":false},"author":1,"featured_media":0,"parent":0,"menu_order":5,"comment_status":"open","ping_status":"closed","template":"","meta":{"_acf_changed":false,"_monsterinsights_skip_tracking":false,"_monsterinsights_sitenote_active":false,"_monsterinsights_sitenote_note":"","_monsterinsights_sitenote_category":0,"footnotes":""},"class_list":["post-3991","page","type-page","status-publish","hentry"],"acf":[],"yoast_head":"<!-- This site is optimized with the Yoast SEO plugin v26.0 - https:\/\/yoast.com\/wordpress\/plugins\/seo\/ -->\n<title>Proyectos de edificaciones de hormig\u00f3n | Compact Habit<\/title>\n<meta name=\"description\" content=\"Proyectos de edificaciones en hormig\u00f3n con tecnolog\u00eda avanzada. Compact Habit ofrece soluciones duraderas y eficientes.\" \/>\n<meta name=\"robots\" content=\"index, follow, max-snippet:-1, max-image-preview:large, max-video-preview:-1\" \/>\n<meta property=\"og:locale\" content=\"es_ES\" \/>\n<meta property=\"og:type\" content=\"article\" \/>\n<meta property=\"og:title\" content=\"Proyectos de edificaciones de hormig\u00f3n | Compact Habit\" \/>\n<meta property=\"og:description\" content=\"Proyectos de edificaciones en hormig\u00f3n con tecnolog\u00eda avanzada. Compact Habit ofrece soluciones duraderas y eficientes.\" \/>\n<meta property=\"og:url\" content=\"https:\/\/www.compacthabit.com\/es\/proyectos\/\" \/>\n<meta property=\"og:site_name\" content=\"CompactHabit\" \/>\n<meta property=\"article:publisher\" content=\"https:\/\/www.facebook.com\/CompactHabit\/\" \/>\n<meta property=\"article:modified_time\" content=\"2024-11-18T09:56:53+00:00\" \/>\n<meta name=\"twitter:card\" content=\"summary_large_image\" \/>\n<meta name=\"twitter:site\" content=\"@compacthabit2\" \/>\n<script type=\"application\/ld+json\" class=\"yoast-schema-graph\">{\"@context\":\"https:\/\/schema.org\",\"@graph\":[{\"@type\":\"WebPage\",\"@id\":\"https:\/\/www.compacthabit.com\/es\/proyectos\/\",\"url\":\"https:\/\/www.compacthabit.com\/es\/proyectos\/\",\"name\":\"Proyectos de edificaciones de hormig\u00f3n | Compact Habit\",\"isPartOf\":{\"@id\":\"https:\/\/www.compacthabit.com\/es\/fr\/#website\"},\"datePublished\":\"2017-09-15T14:46:29+00:00\",\"dateModified\":\"2024-11-18T09:56:53+00:00\",\"description\":\"Proyectos de edificaciones en hormig\u00f3n con tecnolog\u00eda avanzada. Compact Habit ofrece soluciones duraderas y eficientes.\",\"breadcrumb\":{\"@id\":\"https:\/\/www.compacthabit.com\/es\/proyectos\/#breadcrumb\"},\"inLanguage\":\"es\",\"potentialAction\":[{\"@type\":\"ReadAction\",\"target\":[\"https:\/\/www.compacthabit.com\/es\/proyectos\/\"]}]},{\"@type\":\"BreadcrumbList\",\"@id\":\"https:\/\/www.compacthabit.com\/es\/proyectos\/#breadcrumb\",\"itemListElement\":[{\"@type\":\"ListItem\",\"position\":1,\"name\":\"Portada\",\"item\":\"https:\/\/www.compacthabit.com\/es\/\"},{\"@type\":\"ListItem\",\"position\":2,\"name\":\"Proyectos\"}]},{\"@type\":\"WebSite\",\"@id\":\"https:\/\/www.compacthabit.com\/es\/fr\/#website\",\"url\":\"https:\/\/www.compacthabit.com\/es\/fr\/\",\"name\":\"CompactHabit\",\"description\":\"\",\"potentialAction\":[{\"@type\":\"SearchAction\",\"target\":{\"@type\":\"EntryPoint\",\"urlTemplate\":\"https:\/\/www.compacthabit.com\/es\/fr\/?s={search_term_string}\"},\"query-input\":{\"@type\":\"PropertyValueSpecification\",\"valueRequired\":true,\"valueName\":\"search_term_string\"}}],\"inLanguage\":\"es\"}]}<\/script>\n<!-- \/ Yoast SEO plugin. -->","yoast_head_json":{"title":"Proyectos de edificaciones de hormig\u00f3n | Compact Habit","description":"Proyectos de edificaciones en hormig\u00f3n con tecnolog\u00eda avanzada. Compact Habit ofrece soluciones duraderas y eficientes.","robots":{"index":"index","follow":"follow","max-snippet":"max-snippet:-1","max-image-preview":"max-image-preview:large","max-video-preview":"max-video-preview:-1"},"og_locale":"es_ES","og_type":"article","og_title":"Proyectos de edificaciones de hormig\u00f3n | Compact Habit","og_description":"Proyectos de edificaciones en hormig\u00f3n con tecnolog\u00eda avanzada. Compact Habit ofrece soluciones duraderas y eficientes.","og_url":"https:\/\/www.compacthabit.com\/es\/proyectos\/","og_site_name":"CompactHabit","article_publisher":"https:\/\/www.facebook.com\/CompactHabit\/","article_modified_time":"2024-11-18T09:56:53+00:00","twitter_card":"summary_large_image","twitter_site":"@compacthabit2","schema":{"@context":"https:\/\/schema.org","@graph":[{"@type":"WebPage","@id":"https:\/\/www.compacthabit.com\/es\/proyectos\/","url":"https:\/\/www.compacthabit.com\/es\/proyectos\/","name":"Proyectos de edificaciones de hormig\u00f3n | Compact Habit","isPartOf":{"@id":"https:\/\/www.compacthabit.com\/es\/fr\/#website"},"datePublished":"2017-09-15T14:46:29+00:00","dateModified":"2024-11-18T09:56:53+00:00","description":"Proyectos de edificaciones en hormig\u00f3n con tecnolog\u00eda avanzada. Compact Habit ofrece soluciones duraderas y eficientes.","breadcrumb":{"@id":"https:\/\/www.compacthabit.com\/es\/proyectos\/#breadcrumb"},"inLanguage":"es","potentialAction":[{"@type":"ReadAction","target":["https:\/\/www.compacthabit.com\/es\/proyectos\/"]}]},{"@type":"BreadcrumbList","@id":"https:\/\/www.compacthabit.com\/es\/proyectos\/#breadcrumb","itemListElement":[{"@type":"ListItem","position":1,"name":"Portada","item":"https:\/\/www.compacthabit.com\/es\/"},{"@type":"ListItem","position":2,"name":"Proyectos"}]},{"@type":"WebSite","@id":"https:\/\/www.compacthabit.com\/es\/fr\/#website","url":"https:\/\/www.compacthabit.com\/es\/fr\/","name":"CompactHabit","description":"","potentialAction":[{"@type":"SearchAction","target":{"@type":"EntryPoint","urlTemplate":"https:\/\/www.compacthabit.com\/es\/fr\/?s={search_term_string}"},"query-input":{"@type":"PropertyValueSpecification","valueRequired":true,"valueName":"search_term_string"}}],"inLanguage":"es"}]}},"_links":{"self":[{"href":"https:\/\/www.compacthabit.com\/es\/wp-json\/wp\/v2\/pages\/3991","targetHints":{"allow":["GET"]}}],"collection":[{"href":"https:\/\/www.compacthabit.com\/es\/wp-json\/wp\/v2\/pages"}],"about":[{"href":"https:\/\/www.compacthabit.com\/es\/wp-json\/wp\/v2\/types\/page"}],"author":[{"embeddable":true,"href":"https:\/\/www.compacthabit.com\/es\/wp-json\/wp\/v2\/users\/1"}],"replies":[{"embeddable":true,"href":"https:\/\/www.compacthabit.com\/es\/wp-json\/wp\/v2\/comments?post=3991"}],"version-history":[{"count":1,"href":"https:\/\/www.compacthabit.com\/es\/wp-json\/wp\/v2\/pages\/3991\/revisions"}],"predecessor-version":[{"id":3992,"href":"https:\/\/www.compacthabit.com\/es\/wp-json\/wp\/v2\/pages\/3991\/revisions\/3992"}],"wp:attachment":[{"href":"https:\/\/www.compacthabit.com\/es\/wp-json\/wp\/v2\/media?parent=3991"}],"curies":[{"name":"wp","href":"https:\/\/api.w.org\/{rel}","templated":true}]}}