{"id":3570,"date":"2017-09-06T11:31:32","date_gmt":"2017-09-06T11:31:32","guid":{"rendered":"http:\/\/www.compacthabit.com\/?page_id=3570\/"},"modified":"2019-05-13T09:57:57","modified_gmt":"2019-05-13T09:57:57","slug":"transferencia-de-tecnologia","status":"publish","type":"page","link":"https:\/\/www.compacthabit.com\/ca\/transferencia-de-tecnologia\/","title":{"rendered":"Serveis"},"content":{"rendered":"","protected":false},"excerpt":{"rendered":"","protected":false},"author":1,"featured_media":0,"parent":0,"menu_order":6,"comment_status":"open","ping_status":"closed","template":"","meta":{"_acf_changed":false,"_monsterinsights_skip_tracking":false,"_monsterinsights_sitenote_active":false,"_monsterinsights_sitenote_note":"","_monsterinsights_sitenote_category":0,"footnotes":""},"class_list":["post-3570","page","type-page","status-publish","hentry"],"acf":[],"yoast_head":"<!-- This site is optimized with the Yoast SEO plugin v26.0 - https:\/\/yoast.com\/wordpress\/plugins\/seo\/ -->\n<title>Serveis: transfer\u00e8ncia de tecnologia i allotjaments - Compact Habit<\/title>\n<meta name=\"description\" content=\"Llic\u00e8ncia: Transfer\u00e8ncia de tecnologia (know-how, patents). El llicenciatari aporta un c\u00e0non fix inicial (flat fee) a m\u00e9s d\u2019un royalty per m\u00f2dul facturat\" \/>\n<meta name=\"robots\" content=\"index, follow, max-snippet:-1, max-image-preview:large, max-video-preview:-1\" \/>\n<meta property=\"og:locale\" content=\"ca_ES\" \/>\n<meta property=\"og:type\" content=\"article\" \/>\n<meta property=\"og:title\" content=\"Serveis: transfer\u00e8ncia de tecnologia i allotjaments - Compact Habit\" \/>\n<meta property=\"og:description\" content=\"Llic\u00e8ncia: Transfer\u00e8ncia de tecnologia (know-how, patents). El llicenciatari aporta un c\u00e0non fix inicial (flat fee) a m\u00e9s d\u2019un royalty per m\u00f2dul facturat\" \/>\n<meta property=\"og:url\" content=\"https:\/\/www.compacthabit.com\/ca\/transferencia-de-tecnologia\/\" \/>\n<meta property=\"og:site_name\" content=\"Compact Habit\" \/>\n<meta property=\"article:publisher\" content=\"https:\/\/www.facebook.com\/CompactHabit\/\" \/>\n<meta property=\"article:modified_time\" content=\"2019-05-13T09:57:57+00:00\" \/>\n<meta name=\"twitter:card\" content=\"summary_large_image\" \/>\n<meta name=\"twitter:site\" content=\"@compacthabit2\" \/>\n<script type=\"application\/ld+json\" class=\"yoast-schema-graph\">{\"@context\":\"https:\/\/schema.org\",\"@graph\":[{\"@type\":\"WebPage\",\"@id\":\"https:\/\/www.compacthabit.com\/ca\/transferencia-de-tecnologia\/\",\"url\":\"https:\/\/www.compacthabit.com\/ca\/transferencia-de-tecnologia\/\",\"name\":\"Serveis: transfer\u00e8ncia de tecnologia i allotjaments - Compact Habit\",\"isPartOf\":{\"@id\":\"https:\/\/www.compacthabit.com\/ca\/fr\/#website\"},\"datePublished\":\"2017-09-06T11:31:32+00:00\",\"dateModified\":\"2019-05-13T09:57:57+00:00\",\"description\":\"Llic\u00e8ncia: Transfer\u00e8ncia de tecnologia (know-how, patents). El llicenciatari aporta un c\u00e0non fix inicial (flat fee) a m\u00e9s d\u2019un royalty per m\u00f2dul facturat\",\"breadcrumb\":{\"@id\":\"https:\/\/www.compacthabit.com\/ca\/transferencia-de-tecnologia\/#breadcrumb\"},\"inLanguage\":\"ca-ES\",\"potentialAction\":[{\"@type\":\"ReadAction\",\"target\":[\"https:\/\/www.compacthabit.com\/ca\/transferencia-de-tecnologia\/\"]}]},{\"@type\":\"BreadcrumbList\",\"@id\":\"https:\/\/www.compacthabit.com\/ca\/transferencia-de-tecnologia\/#breadcrumb\",\"itemListElement\":[{\"@type\":\"ListItem\",\"position\":1,\"name\":\"Portada\",\"item\":\"https:\/\/www.compacthabit.com\/ca\/\"},{\"@type\":\"ListItem\",\"position\":2,\"name\":\"Serveis\"}]},{\"@type\":\"WebSite\",\"@id\":\"https:\/\/www.compacthabit.com\/ca\/fr\/#website\",\"url\":\"https:\/\/www.compacthabit.com\/ca\/fr\/\",\"name\":\"Compact Habit\",\"description\":\"\",\"potentialAction\":[{\"@type\":\"SearchAction\",\"target\":{\"@type\":\"EntryPoint\",\"urlTemplate\":\"https:\/\/www.compacthabit.com\/ca\/fr\/?s={search_term_string}\"},\"query-input\":{\"@type\":\"PropertyValueSpecification\",\"valueRequired\":true,\"valueName\":\"search_term_string\"}}],\"inLanguage\":\"ca-ES\"}]}<\/script>\n<!-- \/ Yoast SEO plugin. -->","yoast_head_json":{"title":"Serveis: transfer\u00e8ncia de tecnologia i allotjaments - Compact Habit","description":"Llic\u00e8ncia: Transfer\u00e8ncia de tecnologia (know-how, patents). El llicenciatari aporta un c\u00e0non fix inicial (flat fee) a m\u00e9s d\u2019un royalty per m\u00f2dul facturat","robots":{"index":"index","follow":"follow","max-snippet":"max-snippet:-1","max-image-preview":"max-image-preview:large","max-video-preview":"max-video-preview:-1"},"og_locale":"ca_ES","og_type":"article","og_title":"Serveis: transfer\u00e8ncia de tecnologia i allotjaments - Compact Habit","og_description":"Llic\u00e8ncia: Transfer\u00e8ncia de tecnologia (know-how, patents). El llicenciatari aporta un c\u00e0non fix inicial (flat fee) a m\u00e9s d\u2019un royalty per m\u00f2dul facturat","og_url":"https:\/\/www.compacthabit.com\/ca\/transferencia-de-tecnologia\/","og_site_name":"Compact Habit","article_publisher":"https:\/\/www.facebook.com\/CompactHabit\/","article_modified_time":"2019-05-13T09:57:57+00:00","twitter_card":"summary_large_image","twitter_site":"@compacthabit2","schema":{"@context":"https:\/\/schema.org","@graph":[{"@type":"WebPage","@id":"https:\/\/www.compacthabit.com\/ca\/transferencia-de-tecnologia\/","url":"https:\/\/www.compacthabit.com\/ca\/transferencia-de-tecnologia\/","name":"Serveis: transfer\u00e8ncia de tecnologia i allotjaments - Compact Habit","isPartOf":{"@id":"https:\/\/www.compacthabit.com\/ca\/fr\/#website"},"datePublished":"2017-09-06T11:31:32+00:00","dateModified":"2019-05-13T09:57:57+00:00","description":"Llic\u00e8ncia: Transfer\u00e8ncia de tecnologia (know-how, patents). El llicenciatari aporta un c\u00e0non fix inicial (flat fee) a m\u00e9s d\u2019un royalty per m\u00f2dul facturat","breadcrumb":{"@id":"https:\/\/www.compacthabit.com\/ca\/transferencia-de-tecnologia\/#breadcrumb"},"inLanguage":"ca-ES","potentialAction":[{"@type":"ReadAction","target":["https:\/\/www.compacthabit.com\/ca\/transferencia-de-tecnologia\/"]}]},{"@type":"BreadcrumbList","@id":"https:\/\/www.compacthabit.com\/ca\/transferencia-de-tecnologia\/#breadcrumb","itemListElement":[{"@type":"ListItem","position":1,"name":"Portada","item":"https:\/\/www.compacthabit.com\/ca\/"},{"@type":"ListItem","position":2,"name":"Serveis"}]},{"@type":"WebSite","@id":"https:\/\/www.compacthabit.com\/ca\/fr\/#website","url":"https:\/\/www.compacthabit.com\/ca\/fr\/","name":"Compact Habit","description":"","potentialAction":[{"@type":"SearchAction","target":{"@type":"EntryPoint","urlTemplate":"https:\/\/www.compacthabit.com\/ca\/fr\/?s={search_term_string}"},"query-input":{"@type":"PropertyValueSpecification","valueRequired":true,"valueName":"search_term_string"}}],"inLanguage":"ca-ES"}]}},"_links":{"self":[{"href":"https:\/\/www.compacthabit.com\/ca\/wp-json\/wp\/v2\/pages\/3570","targetHints":{"allow":["GET"]}}],"collection":[{"href":"https:\/\/www.compacthabit.com\/ca\/wp-json\/wp\/v2\/pages"}],"about":[{"href":"https:\/\/www.compacthabit.com\/ca\/wp-json\/wp\/v2\/types\/page"}],"author":[{"embeddable":true,"href":"https:\/\/www.compacthabit.com\/ca\/wp-json\/wp\/v2\/users\/1"}],"replies":[{"embeddable":true,"href":"https:\/\/www.compacthabit.com\/ca\/wp-json\/wp\/v2\/comments?post=3570"}],"version-history":[{"count":1,"href":"https:\/\/www.compacthabit.com\/ca\/wp-json\/wp\/v2\/pages\/3570\/revisions"}],"predecessor-version":[{"id":3571,"href":"https:\/\/www.compacthabit.com\/ca\/wp-json\/wp\/v2\/pages\/3570\/revisions\/3571"}],"wp:attachment":[{"href":"https:\/\/www.compacthabit.com\/ca\/wp-json\/wp\/v2\/media?parent=3570"}],"curies":[{"name":"wp","href":"https:\/\/api.w.org\/{rel}","templated":true}]}}