{"id":3568,"date":"2017-09-06T11:01:55","date_gmt":"2017-09-06T11:01:55","guid":{"rendered":"http:\/\/www.compacthabit.com\/?page_id=3568\/"},"modified":"2024-07-29T14:05:30","modified_gmt":"2024-07-29T14:05:30","slug":"avantatges","status":"publish","type":"page","link":"https:\/\/www.compacthabit.com\/ca\/avantatges\/","title":{"rendered":"Avantatges"},"content":{"rendered":"","protected":false},"excerpt":{"rendered":"","protected":false},"author":1,"featured_media":0,"parent":0,"menu_order":3,"comment_status":"open","ping_status":"closed","template":"","meta":{"_acf_changed":false,"_monsterinsights_skip_tracking":false,"_monsterinsights_sitenote_active":false,"_monsterinsights_sitenote_note":"","_monsterinsights_sitenote_category":0,"footnotes":""},"class_list":["post-3568","page","type-page","status-publish","hentry"],"acf":[],"yoast_head":"<!-- This site is optimized with the Yoast SEO plugin v26.0 - https:\/\/yoast.com\/wordpress\/plugins\/seo\/ -->\n<title>Avantatges: Per qu\u00e8 el formig\u00f3 per a la construcci\u00f3? - Compact Habit<\/title>\n<meta name=\"description\" content=\"Tots els avantatges d&#039;edificaci\u00f3 modular semi-pesant, estructura flotant, resist\u00e8ncia s\u00edsmica, trencament de ponts ac\u00fastics, efici\u00e8ncia t\u00e8rmica, terminis\" \/>\n<meta name=\"robots\" content=\"index, follow, max-snippet:-1, max-image-preview:large, max-video-preview:-1\" \/>\n<meta property=\"og:locale\" content=\"ca_ES\" \/>\n<meta property=\"og:type\" content=\"article\" \/>\n<meta property=\"og:title\" content=\"Avantatges: Per qu\u00e8 el formig\u00f3 per a la construcci\u00f3? - Compact Habit\" \/>\n<meta property=\"og:description\" content=\"Tots els avantatges d&#039;edificaci\u00f3 modular semi-pesant, estructura flotant, resist\u00e8ncia s\u00edsmica, trencament de ponts ac\u00fastics, efici\u00e8ncia t\u00e8rmica, terminis\" \/>\n<meta property=\"og:url\" content=\"https:\/\/www.compacthabit.com\/ca\/avantatges\/\" \/>\n<meta property=\"og:site_name\" content=\"Compact Habit\" \/>\n<meta property=\"article:publisher\" content=\"https:\/\/www.facebook.com\/CompactHabit\/\" \/>\n<meta property=\"article:modified_time\" content=\"2024-07-29T14:05:30+00:00\" \/>\n<meta name=\"twitter:card\" content=\"summary_large_image\" \/>\n<meta name=\"twitter:site\" content=\"@compacthabit2\" \/>\n<meta name=\"twitter:label1\" content=\"Est. reading time\" \/>\n\t<meta name=\"twitter:data1\" content=\"9 minutes\" \/>\n<script type=\"application\/ld+json\" class=\"yoast-schema-graph\">{\"@context\":\"https:\/\/schema.org\",\"@graph\":[{\"@type\":\"WebPage\",\"@id\":\"https:\/\/www.compacthabit.com\/ca\/avantatges\/\",\"url\":\"https:\/\/www.compacthabit.com\/ca\/avantatges\/\",\"name\":\"Avantatges: Per qu\u00e8 el formig\u00f3 per a la construcci\u00f3? - Compact Habit\",\"isPartOf\":{\"@id\":\"https:\/\/www.compacthabit.com\/ca\/fr\/#website\"},\"datePublished\":\"2017-09-06T11:01:55+00:00\",\"dateModified\":\"2024-07-29T14:05:30+00:00\",\"description\":\"Tots els avantatges d'edificaci\u00f3 modular semi-pesant, estructura flotant, resist\u00e8ncia s\u00edsmica, trencament de ponts ac\u00fastics, efici\u00e8ncia t\u00e8rmica, terminis\",\"breadcrumb\":{\"@id\":\"https:\/\/www.compacthabit.com\/ca\/avantatges\/#breadcrumb\"},\"inLanguage\":\"ca-ES\",\"potentialAction\":[{\"@type\":\"ReadAction\",\"target\":[\"https:\/\/www.compacthabit.com\/ca\/avantatges\/\"]}]},{\"@type\":\"BreadcrumbList\",\"@id\":\"https:\/\/www.compacthabit.com\/ca\/avantatges\/#breadcrumb\",\"itemListElement\":[{\"@type\":\"ListItem\",\"position\":1,\"name\":\"Portada\",\"item\":\"https:\/\/www.compacthabit.com\/ca\/\"},{\"@type\":\"ListItem\",\"position\":2,\"name\":\"Avantatges\"}]},{\"@type\":\"WebSite\",\"@id\":\"https:\/\/www.compacthabit.com\/ca\/fr\/#website\",\"url\":\"https:\/\/www.compacthabit.com\/ca\/fr\/\",\"name\":\"Compact Habit\",\"description\":\"\",\"potentialAction\":[{\"@type\":\"SearchAction\",\"target\":{\"@type\":\"EntryPoint\",\"urlTemplate\":\"https:\/\/www.compacthabit.com\/ca\/fr\/?s={search_term_string}\"},\"query-input\":{\"@type\":\"PropertyValueSpecification\",\"valueRequired\":true,\"valueName\":\"search_term_string\"}}],\"inLanguage\":\"ca-ES\"}]}<\/script>\n<!-- \/ Yoast SEO plugin. -->","yoast_head_json":{"title":"Avantatges: Per qu\u00e8 el formig\u00f3 per a la construcci\u00f3? - Compact Habit","description":"Tots els avantatges d'edificaci\u00f3 modular semi-pesant, estructura flotant, resist\u00e8ncia s\u00edsmica, trencament de ponts ac\u00fastics, efici\u00e8ncia t\u00e8rmica, terminis","robots":{"index":"index","follow":"follow","max-snippet":"max-snippet:-1","max-image-preview":"max-image-preview:large","max-video-preview":"max-video-preview:-1"},"og_locale":"ca_ES","og_type":"article","og_title":"Avantatges: Per qu\u00e8 el formig\u00f3 per a la construcci\u00f3? - Compact Habit","og_description":"Tots els avantatges d'edificaci\u00f3 modular semi-pesant, estructura flotant, resist\u00e8ncia s\u00edsmica, trencament de ponts ac\u00fastics, efici\u00e8ncia t\u00e8rmica, terminis","og_url":"https:\/\/www.compacthabit.com\/ca\/avantatges\/","og_site_name":"Compact Habit","article_publisher":"https:\/\/www.facebook.com\/CompactHabit\/","article_modified_time":"2024-07-29T14:05:30+00:00","twitter_card":"summary_large_image","twitter_site":"@compacthabit2","twitter_misc":{"Est. reading time":"9 minutes"},"schema":{"@context":"https:\/\/schema.org","@graph":[{"@type":"WebPage","@id":"https:\/\/www.compacthabit.com\/ca\/avantatges\/","url":"https:\/\/www.compacthabit.com\/ca\/avantatges\/","name":"Avantatges: Per qu\u00e8 el formig\u00f3 per a la construcci\u00f3? - Compact Habit","isPartOf":{"@id":"https:\/\/www.compacthabit.com\/ca\/fr\/#website"},"datePublished":"2017-09-06T11:01:55+00:00","dateModified":"2024-07-29T14:05:30+00:00","description":"Tots els avantatges d'edificaci\u00f3 modular semi-pesant, estructura flotant, resist\u00e8ncia s\u00edsmica, trencament de ponts ac\u00fastics, efici\u00e8ncia t\u00e8rmica, terminis","breadcrumb":{"@id":"https:\/\/www.compacthabit.com\/ca\/avantatges\/#breadcrumb"},"inLanguage":"ca-ES","potentialAction":[{"@type":"ReadAction","target":["https:\/\/www.compacthabit.com\/ca\/avantatges\/"]}]},{"@type":"BreadcrumbList","@id":"https:\/\/www.compacthabit.com\/ca\/avantatges\/#breadcrumb","itemListElement":[{"@type":"ListItem","position":1,"name":"Portada","item":"https:\/\/www.compacthabit.com\/ca\/"},{"@type":"ListItem","position":2,"name":"Avantatges"}]},{"@type":"WebSite","@id":"https:\/\/www.compacthabit.com\/ca\/fr\/#website","url":"https:\/\/www.compacthabit.com\/ca\/fr\/","name":"Compact Habit","description":"","potentialAction":[{"@type":"SearchAction","target":{"@type":"EntryPoint","urlTemplate":"https:\/\/www.compacthabit.com\/ca\/fr\/?s={search_term_string}"},"query-input":{"@type":"PropertyValueSpecification","valueRequired":true,"valueName":"search_term_string"}}],"inLanguage":"ca-ES"}]}},"_links":{"self":[{"href":"https:\/\/www.compacthabit.com\/ca\/wp-json\/wp\/v2\/pages\/3568","targetHints":{"allow":["GET"]}}],"collection":[{"href":"https:\/\/www.compacthabit.com\/ca\/wp-json\/wp\/v2\/pages"}],"about":[{"href":"https:\/\/www.compacthabit.com\/ca\/wp-json\/wp\/v2\/types\/page"}],"author":[{"embeddable":true,"href":"https:\/\/www.compacthabit.com\/ca\/wp-json\/wp\/v2\/users\/1"}],"replies":[{"embeddable":true,"href":"https:\/\/www.compacthabit.com\/ca\/wp-json\/wp\/v2\/comments?post=3568"}],"version-history":[{"count":5,"href":"https:\/\/www.compacthabit.com\/ca\/wp-json\/wp\/v2\/pages\/3568\/revisions"}],"predecessor-version":[{"id":7692,"href":"https:\/\/www.compacthabit.com\/ca\/wp-json\/wp\/v2\/pages\/3568\/revisions\/7692"}],"wp:attachment":[{"href":"https:\/\/www.compacthabit.com\/ca\/wp-json\/wp\/v2\/media?parent=3568"}],"curies":[{"name":"wp","href":"https:\/\/api.w.org\/{rel}","templated":true}]}}