{"id":3549,"date":"2017-09-06T07:29:39","date_gmt":"2017-09-06T07:29:39","guid":{"rendered":"http:\/\/www.compacthabit.com\/?page_id=3549\/"},"modified":"2024-08-08T08:30:33","modified_gmt":"2024-08-08T08:30:33","slug":"inici","status":"publish","type":"page","link":"https:\/\/www.compacthabit.com\/ca\/","title":{"rendered":"Inici"},"content":{"rendered":"","protected":false},"excerpt":{"rendered":"","protected":false},"author":1,"featured_media":0,"parent":0,"menu_order":0,"comment_status":"open","ping_status":"open","template":"","meta":{"_acf_changed":false,"_monsterinsights_skip_tracking":false,"_monsterinsights_sitenote_active":false,"_monsterinsights_sitenote_note":"","_monsterinsights_sitenote_category":0,"footnotes":""},"class_list":["post-3549","page","type-page","status-publish","hentry"],"acf":[],"yoast_head":"<!-- This site is optimized with the Yoast SEO plugin v26.0 - https:\/\/yoast.com\/wordpress\/plugins\/seo\/ -->\n<title>CompactHabit: Edificaci\u00f3 i Tecnologia Modular Integral<\/title>\n<meta name=\"description\" content=\"CompactHabit constru\u00efm innovaci\u00f3. Sistema flexible d\u2019edificaci\u00f3 i tecnologia modular industrialitzada. Realitzacions: Catalunya, Fran\u00e7a i Su\u00efssa.\" \/>\n<meta name=\"robots\" content=\"index, follow, max-snippet:-1, max-image-preview:large, max-video-preview:-1\" \/>\n<meta property=\"og:locale\" content=\"ca_ES\" \/>\n<meta property=\"og:type\" content=\"article\" \/>\n<meta property=\"og:title\" content=\"CompactHabit: Edificaci\u00f3 i Tecnologia Modular Integral\" \/>\n<meta property=\"og:description\" content=\"CompactHabit constru\u00efm innovaci\u00f3. Sistema flexible d\u2019edificaci\u00f3 i tecnologia modular industrialitzada. Realitzacions: Catalunya, Fran\u00e7a i Su\u00efssa.\" \/>\n<meta property=\"og:url\" content=\"https:\/\/www.compacthabit.com\/ca\/\" \/>\n<meta property=\"og:site_name\" content=\"Compact Habit\" \/>\n<meta property=\"article:publisher\" content=\"https:\/\/www.facebook.com\/CompactHabit\/\" \/>\n<meta property=\"article:modified_time\" content=\"2024-08-08T08:30:33+00:00\" \/>\n<meta name=\"twitter:card\" content=\"summary_large_image\" \/>\n<meta name=\"twitter:site\" content=\"@compacthabit2\" \/>\n<script type=\"application\/ld+json\" class=\"yoast-schema-graph\">{\"@context\":\"https:\/\/schema.org\",\"@graph\":[{\"@type\":\"WebPage\",\"@id\":\"https:\/\/www.compacthabit.com\/ca\/\",\"url\":\"https:\/\/www.compacthabit.com\/ca\/\",\"name\":\"CompactHabit: Edificaci\u00f3 i Tecnologia Modular Integral\",\"isPartOf\":{\"@id\":\"https:\/\/www.compacthabit.com\/ca\/fr\/#website\"},\"datePublished\":\"2017-09-06T07:29:39+00:00\",\"dateModified\":\"2024-08-08T08:30:33+00:00\",\"description\":\"CompactHabit constru\u00efm innovaci\u00f3. Sistema flexible d\u2019edificaci\u00f3 i tecnologia modular industrialitzada. Realitzacions: Catalunya, Fran\u00e7a i Su\u00efssa.\",\"breadcrumb\":{\"@id\":\"https:\/\/www.compacthabit.com\/ca\/#breadcrumb\"},\"inLanguage\":\"ca-ES\",\"potentialAction\":[{\"@type\":\"ReadAction\",\"target\":[\"https:\/\/www.compacthabit.com\/ca\/\"]}]},{\"@type\":\"BreadcrumbList\",\"@id\":\"https:\/\/www.compacthabit.com\/ca\/#breadcrumb\",\"itemListElement\":[{\"@type\":\"ListItem\",\"position\":1,\"name\":\"Portada\",\"item\":\"https:\/\/www.compacthabit.com\/ca\/\"},{\"@type\":\"ListItem\",\"position\":2,\"name\":\"Inici\"}]},{\"@type\":\"WebSite\",\"@id\":\"https:\/\/www.compacthabit.com\/ca\/fr\/#website\",\"url\":\"https:\/\/www.compacthabit.com\/ca\/fr\/\",\"name\":\"Compact Habit\",\"description\":\"\",\"potentialAction\":[{\"@type\":\"SearchAction\",\"target\":{\"@type\":\"EntryPoint\",\"urlTemplate\":\"https:\/\/www.compacthabit.com\/ca\/fr\/?s={search_term_string}\"},\"query-input\":{\"@type\":\"PropertyValueSpecification\",\"valueRequired\":true,\"valueName\":\"search_term_string\"}}],\"inLanguage\":\"ca-ES\"}]}<\/script>\n<!-- \/ Yoast SEO plugin. -->","yoast_head_json":{"title":"CompactHabit: Edificaci\u00f3 i Tecnologia Modular Integral","description":"CompactHabit constru\u00efm innovaci\u00f3. Sistema flexible d\u2019edificaci\u00f3 i tecnologia modular industrialitzada. Realitzacions: Catalunya, Fran\u00e7a i Su\u00efssa.","robots":{"index":"index","follow":"follow","max-snippet":"max-snippet:-1","max-image-preview":"max-image-preview:large","max-video-preview":"max-video-preview:-1"},"og_locale":"ca_ES","og_type":"article","og_title":"CompactHabit: Edificaci\u00f3 i Tecnologia Modular Integral","og_description":"CompactHabit constru\u00efm innovaci\u00f3. Sistema flexible d\u2019edificaci\u00f3 i tecnologia modular industrialitzada. Realitzacions: Catalunya, Fran\u00e7a i Su\u00efssa.","og_url":"https:\/\/www.compacthabit.com\/ca\/","og_site_name":"Compact Habit","article_publisher":"https:\/\/www.facebook.com\/CompactHabit\/","article_modified_time":"2024-08-08T08:30:33+00:00","twitter_card":"summary_large_image","twitter_site":"@compacthabit2","schema":{"@context":"https:\/\/schema.org","@graph":[{"@type":"WebPage","@id":"https:\/\/www.compacthabit.com\/ca\/","url":"https:\/\/www.compacthabit.com\/ca\/","name":"CompactHabit: Edificaci\u00f3 i Tecnologia Modular Integral","isPartOf":{"@id":"https:\/\/www.compacthabit.com\/ca\/fr\/#website"},"datePublished":"2017-09-06T07:29:39+00:00","dateModified":"2024-08-08T08:30:33+00:00","description":"CompactHabit constru\u00efm innovaci\u00f3. Sistema flexible d\u2019edificaci\u00f3 i tecnologia modular industrialitzada. Realitzacions: Catalunya, Fran\u00e7a i Su\u00efssa.","breadcrumb":{"@id":"https:\/\/www.compacthabit.com\/ca\/#breadcrumb"},"inLanguage":"ca-ES","potentialAction":[{"@type":"ReadAction","target":["https:\/\/www.compacthabit.com\/ca\/"]}]},{"@type":"BreadcrumbList","@id":"https:\/\/www.compacthabit.com\/ca\/#breadcrumb","itemListElement":[{"@type":"ListItem","position":1,"name":"Portada","item":"https:\/\/www.compacthabit.com\/ca\/"},{"@type":"ListItem","position":2,"name":"Inici"}]},{"@type":"WebSite","@id":"https:\/\/www.compacthabit.com\/ca\/fr\/#website","url":"https:\/\/www.compacthabit.com\/ca\/fr\/","name":"Compact Habit","description":"","potentialAction":[{"@type":"SearchAction","target":{"@type":"EntryPoint","urlTemplate":"https:\/\/www.compacthabit.com\/ca\/fr\/?s={search_term_string}"},"query-input":{"@type":"PropertyValueSpecification","valueRequired":true,"valueName":"search_term_string"}}],"inLanguage":"ca-ES"}]}},"_links":{"self":[{"href":"https:\/\/www.compacthabit.com\/ca\/wp-json\/wp\/v2\/pages\/3549","targetHints":{"allow":["GET"]}}],"collection":[{"href":"https:\/\/www.compacthabit.com\/ca\/wp-json\/wp\/v2\/pages"}],"about":[{"href":"https:\/\/www.compacthabit.com\/ca\/wp-json\/wp\/v2\/types\/page"}],"author":[{"embeddable":true,"href":"https:\/\/www.compacthabit.com\/ca\/wp-json\/wp\/v2\/users\/1"}],"replies":[{"embeddable":true,"href":"https:\/\/www.compacthabit.com\/ca\/wp-json\/wp\/v2\/comments?post=3549"}],"version-history":[{"count":1,"href":"https:\/\/www.compacthabit.com\/ca\/wp-json\/wp\/v2\/pages\/3549\/revisions"}],"predecessor-version":[{"id":3550,"href":"https:\/\/www.compacthabit.com\/ca\/wp-json\/wp\/v2\/pages\/3549\/revisions\/3550"}],"wp:attachment":[{"href":"https:\/\/www.compacthabit.com\/ca\/wp-json\/wp\/v2\/media?parent=3549"}],"curies":[{"name":"wp","href":"https:\/\/api.w.org\/{rel}","templated":true}]}}